{"id":2,"date":"2007-01-29T14:36:56","date_gmt":"2007-01-29T13:36:56","guid":{"rendered":""},"modified":"2007-01-31T15:19:13","modified_gmt":"2007-01-31T14:19:13","slug":"a-propos","status":"publish","type":"page","link":"https:\/\/www.jeanpierrevangorp.info\/site\/a-propos\/","title":{"rendered":"Bienvenue"},"content":{"rendered":"<p><strong>Un nouveau look pour le site\u00a0!<\/strong><br \/>\nComme vous le constatez, c\u2019est dans <strong>un nouveau \u00ab\u00a0d\u00e9cor\u00a0\u00bb<\/strong> que mon site web vous accueille d\u00e9sormais.<br \/>\nUne refonte de l\u2019habillage mais aussi des rubriques dont certaines nouvelles tout en poursuivant avec le style qui fait depuis de longs mois d\u00e9j\u00e0 le succ\u00e8s quotidien du site.<\/p>\n<p>Un site qui continuera <strong>plus que jamais \u00e0 vous tenir inform\u00e9s<\/strong> au jour le jour de l\u2019actualit\u00e9 schaerbeekoise, de la vie politique locale, des s\u00e9ances du Conseil communal, des diff\u00e9rentes activit\u00e9s sociales, festives et culturelles de la commune et de la section PS et bien d\u2019autres choses encore dont certaines nouvelles rubriques que vous d\u00e9couvrirez au fur et \u00e0 mesure.<\/p>\n<p>Je profite du lancement de mon \u00ab\u00a0nouveau\u00a0\u00bb site pour remercier la petite \u00e9quipe qui y travaille quotidiennement et qui a permis de fid\u00e9liser un nombre croissant de visiteurs.<\/p>\n<p>Soyez les bienvenus et bonne lecture\u00a0!<br \/>\n<strong>Jean-Pierre Van Gorp <\/strong><\/p>\n","protected":false},"excerpt":{"rendered":"<p>Un nouveau look pour le site\u00a0! Comme vous le constatez, c\u2019est dans un nouveau \u00ab\u00a0d\u00e9cor\u00a0\u00bb que mon site web vous accueille d\u00e9sormais. Une refonte de l\u2019habillage mais aussi des rubriques dont certaines nouvelles tout en poursuivant avec le style qui fait depuis de longs mois d\u00e9j\u00e0 le succ\u00e8s quotidien du site. Un site qui continuera [&hellip;]<\/p>\n","protected":false},"author":1,"featured_media":0,"parent":0,"menu_order":0,"comment_status":"closed","ping_status":"closed","template":"","meta":{"footnotes":""},"class_list":["post-2","page","type-page","status-publish","hentry","has-post-title","has-post-date","has-post-category","has-post-tag","has-post-comment","has-post-author",""],"builder_content":"","_links":{"self":[{"href":"https:\/\/www.jeanpierrevangorp.info\/site\/wp-json\/wp\/v2\/pages\/2"}],"collection":[{"href":"https:\/\/www.jeanpierrevangorp.info\/site\/wp-json\/wp\/v2\/pages"}],"about":[{"href":"https:\/\/www.jeanpierrevangorp.info\/site\/wp-json\/wp\/v2\/types\/page"}],"author":[{"embeddable":true,"href":"https:\/\/www.jeanpierrevangorp.info\/site\/wp-json\/wp\/v2\/users\/1"}],"replies":[{"embeddable":true,"href":"https:\/\/www.jeanpierrevangorp.info\/site\/wp-json\/wp\/v2\/comments?post=2"}],"version-history":[{"count":0,"href":"https:\/\/www.jeanpierrevangorp.info\/site\/wp-json\/wp\/v2\/pages\/2\/revisions"}],"wp:attachment":[{"href":"https:\/\/www.jeanpierrevangorp.info\/site\/wp-json\/wp\/v2\/media?parent=2"}],"curies":[{"name":"wp","href":"https:\/\/api.w.org\/{rel}","templated":true}]}}