{"id":5,"date":"2007-01-29T18:41:52","date_gmt":"2007-01-29T17:41:52","guid":{"rendered":"http:\/\/www.jeanpierrevangorp.info\/site\/?page_id=5"},"modified":"2013-02-19T14:19:53","modified_gmt":"2013-02-19T13:19:53","slug":"contact","status":"publish","type":"page","link":"https:\/\/www.jeanpierrevangorp.info\/site\/contact\/","title":{"rendered":"Contact"},"content":{"rendered":"<p>Vous pouvez me contacter\u2026<!-- br--><br \/>\nsoit <strong>par \u00e9crit <\/strong>\u00e0 l&rsquo;adresse suivante : <strong>Avenue Z\u00e9nobe Gramme 74 \u00e0 1030 Schaerbeek<\/strong><!-- br--><br \/>\nsoit en compl\u00e9tant le formulaire ci-dessous :<!-- br--><br \/>\n\n<div class=\"wpcf7 no-js\" id=\"wpcf7-f15799-o1\" lang=\"en-US\" dir=\"ltr\" data-wpcf7-id=\"15799\">\n<div class=\"screen-reader-response\"><p role=\"status\" aria-live=\"polite\" aria-atomic=\"true\"><\/p> <ul><\/ul><\/div>\n<form action=\"\/site\/wp-json\/wp\/v2\/pages\/5#wpcf7-f15799-o1\" method=\"post\" class=\"wpcf7-form init\" aria-label=\"Contact form\" enctype=\"multipart\/form-data\" novalidate=\"novalidate\" data-status=\"init\">\n<div style=\"display: none;\">\n<input type=\"hidden\" name=\"_wpcf7\" value=\"15799\" \/>\n<input type=\"hidden\" name=\"_wpcf7_version\" value=\"6.0\" \/>\n<input type=\"hidden\" name=\"_wpcf7_locale\" value=\"en_US\" \/>\n<input type=\"hidden\" name=\"_wpcf7_unit_tag\" value=\"wpcf7-f15799-o1\" \/>\n<input type=\"hidden\" name=\"_wpcf7_container_post\" value=\"0\" \/>\n<input type=\"hidden\" name=\"_wpcf7_posted_data_hash\" value=\"\" \/>\n<\/div>\n<p>Votre nom (obligatoire)\n<\/p>\n<p><span class=\"wpcf7-form-control-wrap\" data-name=\"your-name\"><input size=\"40\" maxlength=\"400\" class=\"wpcf7-form-control wpcf7-text wpcf7-validates-as-required\" aria-required=\"true\" aria-invalid=\"false\" value=\"\" type=\"text\" name=\"your-name\" \/><\/span>\n<\/p>\n<p>Votre email (obligatoire)\n<\/p>\n<p><span class=\"wpcf7-form-control-wrap\" data-name=\"your-email\"><input size=\"40\" maxlength=\"400\" class=\"wpcf7-form-control wpcf7-email wpcf7-validates-as-required wpcf7-text wpcf7-validates-as-email\" aria-required=\"true\" aria-invalid=\"false\" value=\"\" type=\"email\" name=\"your-email\" \/><\/span>\n<\/p>\n<p>Sujet\n<\/p>\n<p><span class=\"wpcf7-form-control-wrap\" data-name=\"your-subject\"><input size=\"40\" maxlength=\"400\" class=\"wpcf7-form-control wpcf7-text\" aria-invalid=\"false\" value=\"\" type=\"text\" name=\"your-subject\" \/><\/span>\n<\/p>\n<p>Votre message\n<\/p>\n<p><span class=\"wpcf7-form-control-wrap\" data-name=\"your-message\"><textarea cols=\"40\" rows=\"10\" maxlength=\"2000\" class=\"wpcf7-form-control wpcf7-textarea\" aria-invalid=\"false\" name=\"your-message\"><\/textarea><\/span>\n<\/p>\n<p>Joindre un fichier\n<\/p>\n<p><span class=\"wpcf7-form-control-wrap\" data-name=\"file-287\"><input size=\"40\" class=\"wpcf7-form-control wpcf7-file\" accept=\"audio\/*,video\/*,image\/*\" aria-invalid=\"false\" type=\"file\" name=\"file-287\" \/><\/span>\n<\/p>\n<p>SVP compl\u00e9tez le code\n<\/p>\n<p>ci-dessous avant d'envoyer .\n<\/p>\n<p><input type=\"hidden\" name=\"_wpcf7_captcha_challenge_captcha-255\" value=\"545521470\" \/><img loading=\"lazy\" decoding=\"async\" class=\"wpcf7-form-control wpcf7-captchac wpcf7-captcha-captcha-255\" width=\"72\" height=\"24\" alt=\"captcha\" src=\"https:\/\/www.jeanpierrevangorp.info\/site\/wp-content\/uploads\/wpcf7_captcha\/545521470.png\" \/>\n<\/p>\n<p><span class=\"wpcf7-form-control-wrap\" data-name=\"captcha-255\"><input size=\"8\" class=\"wpcf7-form-control wpcf7-captchar\" autocomplete=\"off\" aria-invalid=\"false\" value=\"\" type=\"text\" name=\"captcha-255\" \/><\/span><input class=\"wpcf7-form-control wpcf7-submit has-spinner\" type=\"submit\" value=\"Envoyer\" \/>\n<\/p>\n<p style=\"display: none !important;\" class=\"akismet-fields-container\" data-prefix=\"_wpcf7_ak_\"><label>&#916;<textarea name=\"_wpcf7_ak_hp_textarea\" cols=\"45\" rows=\"8\" maxlength=\"100\"><\/textarea><\/label><input type=\"hidden\" id=\"ak_js_1\" name=\"_wpcf7_ak_js\" value=\"29\"\/><script>document.getElementById( \"ak_js_1\" ).setAttribute( \"value\", ( new Date() ).getTime() );<\/script><\/p><div class=\"wpcf7-response-output\" aria-hidden=\"true\"><\/div>\n<\/form>\n<\/div>\n<!-- br--><\/p>\n<div id=\"nuan_ria_plugin\"><\/div>\n<div id=\"nuan_ria_plugin\"><object id=\"plugin0\" style=\"position: absolute; z-index: 1000;\" width=\"0\" height=\"0\" type=\"application\/x-dgnria\"><param name=\"tabId\" value=\"ff-tab-48\" \/><param name=\"counter\" value=\"1147\" \/><\/object><\/div>\n","protected":false},"excerpt":{"rendered":"<p>Vous pouvez me contacter\u2026 soit par \u00e9crit \u00e0 l&rsquo;adresse suivante : Avenue Z\u00e9nobe Gramme 74 \u00e0 1030 Schaerbeek soit en compl\u00e9tant le formulaire ci-dessous :<\/p>\n","protected":false},"author":1,"featured_media":0,"parent":0,"menu_order":0,"comment_status":"closed","ping_status":"closed","template":"","meta":{"footnotes":""},"class_list":["post-5","page","type-page","status-publish","hentry","has-post-title","has-post-date","has-post-category","has-post-tag","has-post-comment","has-post-author",""],"builder_content":"","_links":{"self":[{"href":"https:\/\/www.jeanpierrevangorp.info\/site\/wp-json\/wp\/v2\/pages\/5"}],"collection":[{"href":"https:\/\/www.jeanpierrevangorp.info\/site\/wp-json\/wp\/v2\/pages"}],"about":[{"href":"https:\/\/www.jeanpierrevangorp.info\/site\/wp-json\/wp\/v2\/types\/page"}],"author":[{"embeddable":true,"href":"https:\/\/www.jeanpierrevangorp.info\/site\/wp-json\/wp\/v2\/users\/1"}],"replies":[{"embeddable":true,"href":"https:\/\/www.jeanpierrevangorp.info\/site\/wp-json\/wp\/v2\/comments?post=5"}],"version-history":[{"count":11,"href":"https:\/\/www.jeanpierrevangorp.info\/site\/wp-json\/wp\/v2\/pages\/5\/revisions"}],"predecessor-version":[{"id":15792,"href":"https:\/\/www.jeanpierrevangorp.info\/site\/wp-json\/wp\/v2\/pages\/5\/revisions\/15792"}],"wp:attachment":[{"href":"https:\/\/www.jeanpierrevangorp.info\/site\/wp-json\/wp\/v2\/media?parent=5"}],"curies":[{"name":"wp","href":"https:\/\/api.w.org\/{rel}","templated":true}]}}